{"id":394,"date":"2025-11-26T10:36:40","date_gmt":"2025-11-26T10:36:40","guid":{"rendered":"https:\/\/admasters.ma\/?page_id=394"},"modified":"2025-11-27T01:23:16","modified_gmt":"2025-11-27T01:23:16","slug":"contactez-nous","status":"publish","type":"page","link":"https:\/\/admasters.ma\/index.php\/contactez-nous\/","title":{"rendered":"Contactez nous"},"content":{"rendered":"\n<div id=\"wp-block-themeisle-blocks-advanced-columns-51c154f9\" class=\"wp-block-themeisle-blocks-advanced-columns has-2-columns has-desktop-equal-layout has-tablet-equal-layout has-mobile-collapsedRows-layout has-vertical-unset\"><div class=\"wp-block-themeisle-blocks-advanced-columns-overlay\"><\/div><div class=\"innerblocks-wrap\">\n<div id=\"wp-block-themeisle-blocks-advanced-column-89d10ed3\" class=\"wp-block-themeisle-blocks-advanced-column\"><div class=\"wp-block-jetpack-contact-form\"><a href=\"https:\/\/admasters.ma\/index.php\/contactez-nous\/\" target=\"_blank\" rel=\"noopener noreferrer\">Soumettre un formulaire.<\/a><\/div><\/div>\n\n\n\n<div id=\"wp-block-themeisle-blocks-advanced-column-488eb236\" class=\"wp-block-themeisle-blocks-advanced-column\">\n<div id=\"wp-block-themeisle-blocks-advanced-columns-b2ef2493\" class=\"wp-block-themeisle-blocks-advanced-columns has-1-columns has-desktop-equal-layout has-tablet-equal-layout has-mobile-equal-layout has-vertical-unset\"><div class=\"wp-block-themeisle-blocks-advanced-columns-overlay\"><\/div><div class=\"innerblocks-wrap\">\n<div id=\"wp-block-themeisle-blocks-advanced-column-ae98b558\" class=\"wp-block-themeisle-blocks-advanced-column\">\n<div class=\"wp-block-qi-blocks-section-title qodef-block-container qodef-block-64698081\"><div class=\"qi-block-section-title qodef-block qodef-m qodef-link--underline-draw qodef-subtitle-icon--left\"><h4 class=\"qodef-m-title\">T\u00e9l\u00e9phone :<\/h4><p class=\"qodef-m-text\">Fixe : 05 XX XX XX XX\nMobile \/ WhatsApp : 06 XX XX XX XX<\/p><\/div><\/div>\n\n\n\n<div class=\"wp-block-qi-blocks-section-title qodef-block-container qodef-block-92a8c10c\"><div class=\"qi-block-section-title qodef-block qodef-m qodef-link--underline-draw qodef-subtitle-icon--left\"><h3 class=\"qodef-m-title\">Adresse<\/h3><p class=\"qodef-m-text\">Zone Industrielle \u2013 Ain Seba\u00e2 Casablanca, Maroc<\/p><\/div><\/div>\n\n\n\n<div class=\"wp-block-qi-blocks-section-title qodef-block-container qodef-block-e35add38\"><div class=\"qi-block-section-title qodef-block qodef-m qodef-link--underline-draw qodef-subtitle-icon--left\"><h4 class=\"qodef-m-title\">Email<\/h4><p class=\"qodef-m-text\">contact@admasters.ma<\/p><\/div><\/div>\n\n\n\n<div class=\"wp-block-qi-blocks-section-title qodef-block-container qodef-block-168015ae\"><div class=\"qi-block-section-title qodef-block qodef-m qodef-link--underline-draw qodef-subtitle-icon--left\"><h5 class=\"qodef-m-title\">Horaires d\u2019ouverture :<\/h5><p class=\"qodef-m-text\">Lundi \u00e0 Vendredi : 8h30 \u2013 12h30 \/ 14h30 \u2013 18h\nSamedi : 8h30 \u2013 12h30\nDimanche : Ferm\u00e9<\/p><\/div><\/div>\n<\/div>\n<\/div><\/div>\n<\/div>\n<\/div><\/div>\n\n\n\n<div class=\"wp-block-qi-blocks-section-title qodef-block-container qodef-block-8f37e64d\"><div class=\"qi-block-section-title qodef-block qodef-m qodef-link--underline-draw qodef-subtitle-icon--left\"><h2 class=\"qodef-m-title\">AdMasters.ma<\/h2><p class=\"qodef-m-text\">AdMasters.ma est une marque d\u00e9pos\u00e9e de la soci\u00e9t\u00e9 AdMasters S.A.R.L, sp\u00e9cialis\u00e9e dans l\u2019impression professionnelle et la personnalisation sur mesure \u00e0 Casablanca.<\/p><\/div><\/div>\n\n\n<div style=\"height:400pxpx;\" class=\"wp-block-themeisle-blocks-leaflet-map\" id=\"wp-block-themeisle-blocks-leaflet-map-02992cc6\"><\/div>\n<script type=\"text\/javascript\">\n\t\/* <![CDATA[ *\/\n\t\tif ( ! window.themeisleLeafletMaps ) window.themeisleLeafletMaps =[];\n\t\twindow.themeisleLeafletMaps.push( { container: \"wp-block-themeisle-blocks-leaflet-map-02992cc6\", attributes: {\"id\":\"wp-block-themeisle-blocks-leaflet-map-02992cc6\",\"location\":\"maroc casablanca\",\"latitude\":\"33.59453161123961\",\"longitude\":\"-7.62004852294922\",\"bbox\":\"-7.643651962280274,33.58738184129984,-7.596445083618165,33.60168078857596\",\"zoom\":15,\"height\":\"400px\",\"markers\":[],\"zoomControl\":true,\"draggable\":true,\"hasCustomCSS\":false,\"customCSS\":\"\",\"otterConditions\":[]} } );\n\t\/* ]]> *\/\n<\/script>\n\n\n\n<div id=\"wp-block-themeisle-blocks-advanced-columns-4da2b8b0\" class=\"wp-block-themeisle-blocks-advanced-columns has-1-columns has-desktop-equal-layout has-tablet-equal-layout has-mobile-equal-layout has-vertical-unset\"><div class=\"wp-block-themeisle-blocks-advanced-columns-overlay\"><\/div><div class=\"innerblocks-wrap\">\n<div id=\"wp-block-themeisle-blocks-advanced-column-b65c74e4\" class=\"wp-block-themeisle-blocks-advanced-column\">\n<div class=\"wp-block-qi-blocks-section-title qodef-block-container qodef-block-8f601171\"><div class=\"qi-block-section-title qodef-block qodef-m qodef-link--underline-draw qodef-subtitle-icon--left\"><h5 class=\"qodef-m-title\">Nos avis clients<\/h5><\/div><\/div>\n\n\n\n<div class=\"wp-block-qi-blocks-button qodef-block-container qodef-block-2ce5f3b1\"><a class=\"qi-block-button qodef-block qodef-m qodef-layout--textual qodef-type--standard qodef-hover--icon-move-horizontal-short qodef-text--hidden\"><\/a><\/div>\n<\/div>\n<\/div><\/div>\n\n\n\n<p><\/p>\n","protected":false},"excerpt":{"rendered":"","protected":false},"author":1,"featured_media":0,"parent":0,"menu_order":0,"comment_status":"closed","ping_status":"closed","template":"","meta":{"advanced_seo_description":"","jetpack_seo_html_title":"","jetpack_seo_noindex":false,"_themeisle_gutenberg_block_has_review":false,"footnotes":""},"class_list":["post-394","page","type-page","status-publish","hentry"],"jetpack_sharing_enabled":true,"_links":{"self":[{"href":"https:\/\/admasters.ma\/index.php\/wp-json\/wp\/v2\/pages\/394","targetHints":{"allow":["GET"]}}],"collection":[{"href":"https:\/\/admasters.ma\/index.php\/wp-json\/wp\/v2\/pages"}],"about":[{"href":"https:\/\/admasters.ma\/index.php\/wp-json\/wp\/v2\/types\/page"}],"author":[{"embeddable":true,"href":"https:\/\/admasters.ma\/index.php\/wp-json\/wp\/v2\/users\/1"}],"replies":[{"embeddable":true,"href":"https:\/\/admasters.ma\/index.php\/wp-json\/wp\/v2\/comments?post=394"}],"version-history":[{"count":43,"href":"https:\/\/admasters.ma\/index.php\/wp-json\/wp\/v2\/pages\/394\/revisions"}],"predecessor-version":[{"id":569,"href":"https:\/\/admasters.ma\/index.php\/wp-json\/wp\/v2\/pages\/394\/revisions\/569"}],"wp:attachment":[{"href":"https:\/\/admasters.ma\/index.php\/wp-json\/wp\/v2\/media?parent=394"}],"curies":[{"name":"wp","href":"https:\/\/api.w.org\/{rel}","templated":true}]}}